
{"id":3,"date":"2020-06-08T00:24:40","date_gmt":"2020-06-08T03:24:40","guid":{"rendered":"https:\/\/www.apometria.org\/site\/?page_id=3"},"modified":"2023-08-05T09:20:06","modified_gmt":"2023-08-05T12:20:06","slug":"privacidade","status":"publish","type":"page","link":"https:\/\/www.apometria.org\/site\/privacidade\/","title":{"rendered":"Pol\u00edtica de Privacidade"},"content":{"rendered":"<p>A 42494736 VILMA APARECIDA MASCAGNI tem o compromisso com a transpar\u00eancia, a privacidade e a seguran\u00e7a dos dados de seus clientes durante todo o processo de intera\u00e7\u00e3o com nosso site, e lojas f\u00edsica. Para que entendam melhor quais informa\u00e7\u00f5es coletamos e como as utilizamos, armazenamos ou exclu\u00edmos, detalhamos a seguir nossa Pol\u00edtica de Privacidade.<\/p>\n<p>Os dados cadastrais dos clientes n\u00e3o s\u00e3o divulgados para terceiros, exceto quando necess\u00e1rios para o processo de entrega, para cobran\u00e7a ou participa\u00e7\u00e3o em promo\u00e7\u00f5es solicitadas pelos clientes. Seus dados pessoais s\u00e3o pe\u00e7a fundamental para que o pedido chegue em seguran\u00e7a na sua casa, de acordo com o prazo de entrega estipulado.<\/p>\n<p>A fim de facilitar o entendimento da nossa Pol\u00edtica de Privacidade, apresentamos um resumo:<\/p>\n<p>Agente de tratamento dos dados: 42494736 VILMA APARECIDA MASCAGNI<\/p>\n<p>Papel da 42494736 VILMA APARECIDA MASCAGNIno tratamento dos dados: Predominantemente controlador<\/p>\n<p>Tipo de informa\u00e7\u00f5es pessoais coletadas: A 42494736 VILMA APARECIDA MASCAGNI coleta as informa\u00e7\u00f5es que o Cliente fornece quando se cadastra e cria uma conta em \u201cMinha Conta\u201d, em nosso site e aplicativo, e\/ou quando faz uma compra ou troca produtos nas lojas f\u00edsicas.<\/p>\n<p>Com que finalidade utilizamos seus dados pessoais?<\/p>\n<p>Para entregar os produtos ou servi\u00e7os adquiridos;<br \/>\nPara mant\u00ea-lo informado sobre o status do seu pedido;<br \/>\nPara coordenar com parceiros a entrega ou disponibiliza\u00e7\u00e3o de servi\u00e7os;<br \/>\nPara a realiza\u00e7\u00e3o de trocas;<br \/>\nPara enviar comunica\u00e7\u00f5es sobre servi\u00e7os e proporcionar uma melhor experi\u00eancia ao Cliente, fazendo com que a 42494736 VILMA APARECIDA MASCAGNI seja ainda mais relevante em seu dia a dia.<\/p>\n<p><strong>Seus direitos<\/strong><\/p>\n<p>A Lei Geral de Prote\u00e7\u00e3o de Dados (LGPD) d\u00e1 ao Cliente o direito de solicitar a 42494736 VILMA APARECIDA MASCAGNI, a qualquer momento, mediante requisi\u00e7\u00e3o formal, informa\u00e7\u00f5es referentes aos dados tratados.<\/p>\n<p><strong>Para que a Pol\u00edtica de Privacidade seja bem compreendida, \u00e9 fundamental esclarecer alguns conceitos importantes:<\/strong><\/p>\n<p>Cliente\u00a0\u2013 toda pessoa f\u00edsica que adquire produtos ou servi\u00e7os nas lojas f\u00edsicas, site;<br \/>\nDados pessoais\u00a0\u2013 qualquer informa\u00e7\u00e3o relacionada a uma pessoa que a identifique ou que, usada em combina\u00e7\u00e3o com outras informa\u00e7\u00f5es tratadas, identifique um indiv\u00edduo. Ainda, qualquer informa\u00e7\u00e3o por meio da qual seja poss\u00edvel identificar uma pessoa ou entrar em contato com ela.<br \/>\nTratamento de dados pessoais\u00a0\u2013 considera-se tratamento de dado pessoal a coleta, produ\u00e7\u00e3o, recep\u00e7\u00e3o, classifica\u00e7\u00e3o, utiliza\u00e7\u00e3o, acesso, reprodu\u00e7\u00e3o, transmiss\u00e3o, distribui\u00e7\u00e3o, processamento, arquivamento, armazenamento, elimina\u00e7\u00e3o, avalia\u00e7\u00e3o ou controle da informa\u00e7\u00e3o, comunica\u00e7\u00e3o, transfer\u00eancia, difus\u00e3o ou extra\u00e7\u00e3o de dados de pessoas f\u00edsicas.<br \/>\nTitular dados \u2013 qualquer pessoa f\u00edsica que tenha seus dados pessoais tratados pela 42494736 VILMA APARECIDA MASCAGNI;<br \/>\nFinalidade\u00a0\u2013 o que queremos alcan\u00e7ar com o tratamento de dados pessoais.<br \/>\nNecessidade\u00a0\u2013 o tratamento de dados pessoais deve se limitar ao m\u00ednimo necess\u00e1rio para o prop\u00f3sito almejado. Ou seja, deve ser pertinente, proporcional e n\u00e3o excessivo.<br \/>\nConsentimento\u00a0\u2013 autoriza\u00e7\u00e3o clara e objetiva que o titular d\u00e1 para tratamento de seus dados pessoais com finalidade previamente estipulada. Ap\u00f3s dar o\u00a0consentimento, voc\u00ea pode revog\u00e1-lo a qualquer momento. A revoga\u00e7\u00e3o n\u00e3o cancela os processamentos realizados previamente.<br \/>\nA Apometria Org \u00e9 marca integrante da 42494736 VILMA APARECIDA MASCAGNI, composto pelas empresas listadas abaixo:<\/p>\n<p>42494736 VILMA APARECIDA MASCAGNI. \u2013 42.494.736\/0001-03<\/p>\n<p><strong>1. A quem essa Pol\u00edtica de Privacidade se aplica?<\/strong><\/p>\n<p>Aplica-se a todos os clientes da 42494736 VILMA APARECIDA MASCAGNI, incluindo site, aplicativo e lojas f\u00edsicas, que de alguma forma tenham os dados pessoais tratados por n\u00f3s.<\/p>\n<p><strong>2. Que tipo de informa\u00e7\u00f5es pessoais coletamos e utilizamos?<\/strong><\/p>\n<p>A 42494736 VILMA APARECIDA MASCAGNI coleta e armazena os seguintes tipos de informa\u00e7\u00f5es:<\/p>\n<p>Informa\u00e7\u00f5es que voc\u00ea nos fornece: a 42494736 VILMA APARECIDA MASCAGNI coleta informa\u00e7\u00f5es do Cliente de diversas formas: quando voc\u00ea fornece seu CPF para emiss\u00e3o da nota fiscal; troca algum produto; adquire um dos servi\u00e7os oferecidos pelas lojas f\u00edsicas, site ou aplicativo; cria uma conta e fornece dados no \u201cMinha Conta\u201d; faz um pedido em nosso site ou aplicativo; retira um produto que comprou pelo site ou aplicativo nas lojas f\u00edsicas; participa do sorteio mensal; quando interage com o Servi\u00e7o de Atendimento ao Consumidor; quando participa de pesquisas ou promo\u00e7\u00f5es de marketing etc. Dentre as informa\u00e7\u00f5es que podem ser solicitadas est\u00e3o: nome completo, e-mail, CPF, data de nascimento, g\u00eanero, endere\u00e7o, n\u00fameros de telefone e n\u00famero do cart\u00e3o de cr\u00e9dito.<\/p>\n<p>Informa\u00e7\u00f5es coletadas automaticamente pela Americanas:\u00a0coletamos e armazenamos determinadas informa\u00e7\u00f5es sempre que o Cliente interage conosco. Por exemplo, utilizamos cookies e obtemos informa\u00e7\u00f5es quando seu navegador acessa o nosso site; quando voc\u00ea clica em an\u00fancios, e-mails de parceiros e outros conte\u00fados fornecidos por n\u00f3s em outros sites.<\/p>\n<p>Informa\u00e7\u00f5es coletadas pelo dispositivo m\u00f3vel:\u00a0quando o Cliente baixa ou utiliza o nosso aplicativo, podemos receber dados sobre sua localiza\u00e7\u00e3o e seu dispositivo m\u00f3vel. Podemos utilizar essas informa\u00e7\u00f5es para oferecer conte\u00fados personalizados como, por exemplo, an\u00fancios, resultados de buscas e outros. A maioria dos dispositivos m\u00f3veis permite que o Cliente desligue os servi\u00e7os de localiza\u00e7\u00e3o.<\/p>\n<p><strong>Informa\u00e7\u00f5es coletadas de outras fontes:<\/strong><\/p>\n<p>fontes p\u00fablicas (por exemplo, dados demogr\u00e1ficos);<br \/>\nag\u00eancias ou \u00f3rg\u00e3os de cr\u00e9dito (por exemplo, relat\u00f3rios de cr\u00e9dito\/cheques);<br \/>\nprovedores de dados (por exemplo, dados demogr\u00e1ficos relacionados a an\u00fancios publicit\u00e1rios on-line e com base nos interesses do Cliente).<br \/>\n<strong>3. Por que solicitamos seus dados pessoais?<\/strong><\/p>\n<p><strong>Os dados s\u00e3o necess\u00e1rios para:<\/strong><\/p>\n<p>entregar os produtos adquiridos ou o servi\u00e7o contratado;<br \/>\notimizar sua intera\u00e7\u00e3o conosco;<br \/>\ngarantir a seguran\u00e7a do site, de seu aplicativo e dos dados que processa;<br \/>\ninformar o Cliente sobre as ofertas e divulgar os nossos servi\u00e7os;<br \/>\ncumprir obriga\u00e7\u00f5es legais;<br \/>\nfins administrativos e de gest\u00e3o.<\/p>\n<p><strong>O fornecimento dos dados permite:<\/strong><\/p>\n<p>entregar os produtos ou servi\u00e7os adquiridos;<br \/>\nrealizar o processo de troca ou devolu\u00e7\u00e3o de produtos, dentro do prazo estabelecido pelo CDC (C\u00f3digo de Defesa do Consumidor);<br \/>\nenviar atualiza\u00e7\u00f5es sobre o status do pedido e comunica\u00e7\u00f5es de servi\u00e7os;<br \/>\ncoordenar com parceiros a entrega ou disponibiliza\u00e7\u00e3o de servi\u00e7os;<br \/>\nprestar servi\u00e7os adequados \u00e0s necessidades do Cliente;<br \/>\nmelhorar a experi\u00eancia de compra dos clientes na 42494736 VILMA APARECIDA MASCAGNI;<br \/>\nfazer an\u00e1lises e pesquisas de mercado;<br \/>\nmanter o Cliente informado sobre os produtos e servi\u00e7os que oferecemos;<br \/>\nexecutar publicidade online direcionada;<br \/>\nprevenir, detectar e investigar atividades que estejam em desacordo com o nosso C\u00f3digo de Conduta ou que sejam proibidas ou ilegais; melhorar nosso website, produtos e servi\u00e7os.<\/p>\n<p>A 42494736 VILMA APARECIDA MASCAGNI utiliza bases legais, que podem variar de acordo com a finalidade da coleta, para tratar os dados pessoais dos clientes. O prazo de armazenamento pode mudar conforme a base legal aplic\u00e1vel a cada situa\u00e7\u00e3o e a finalidade.<\/p>\n<p><strong>3.1 Servi\u00e7os de marketing<\/strong><\/p>\n<p>Os servi\u00e7os de marketing s\u00e3o oferecidos por meio de comunica\u00e7\u00f5es gratuitas sobre ofertas, servi\u00e7os e produtos dirigidas ao Cliente, relacionadas ao seu perfil no site e a compras que fez. Esse servi\u00e7o abrange e-mails, SMS e WhatsApp. Vale ressaltar que o Cliente pode cancelar o servi\u00e7o, a qualquer momento, acessando \u201cMinha Conta\u201d.<\/p>\n<p><strong>4. Com quem compartilhamos seus dados?<\/strong><\/p>\n<p>As informa\u00e7\u00f5es coletadas somente ser\u00e3o compartilhadas quando forem necess\u00e1rias: (i) para presta\u00e7\u00e3o adequada dos servi\u00e7os objeto de suas atividades com empresas parceiras; (ii) prote\u00e7\u00e3o em caso de conflito; (iii) mediante decis\u00e3o judicial ou requisi\u00e7\u00e3o de autoridade competente; (iv) com empresas provedoras de infraestrutura tecnol\u00f3gica e operacional, como empresas intermediadoras de pagamento e provedoras de servi\u00e7o de armazenamento de informa\u00e7\u00f5es.<\/p>\n<p><strong>5. Transfer\u00eancia Internacional de dados<\/strong><\/p>\n<p>Como a internet \u00e9 um ambiente global, determinados servi\u00e7os oferecidos pela 42494736 VILMA APARECIDA MASCAGNI podem demandar a transfer\u00eancia dos seus dados para outros pa\u00edses.<\/p>\n<p>Nesses casos, os dados s\u00e3o tratados de acordo com a LGPD (Lei Geral de Prote\u00e7\u00e3o de Dados) e demais legisla\u00e7\u00f5es de prote\u00e7\u00e3o. Tomamos medidas de seguran\u00e7a de acordo com nossas pol\u00edticas e adotamos cl\u00e1usulas padr\u00e3o nos contratos com fornecedores e prestadores de servi\u00e7o.<\/p>\n<p>Ao navegar em nosso site, aplicativo, comprar em nossas lojas f\u00edsicas e\/ou se comunicar conosco, voc\u00ea concorda com o tratamento de suas informa\u00e7\u00f5es, inclusive a transfer\u00eancia internacional de dados, quando necess\u00e1rio. Adotamos medidas para garantir que quaisquer informa\u00e7\u00f5es coletadas sejam tratadas com seguran\u00e7a, conforme os padr\u00f5es de prote\u00e7\u00e3o de dados e de acordo com esta Pol\u00edtica de Privacidade.<\/p>\n<p><strong>6. Por quanto tempo armazenamos informa\u00e7\u00f5es pessoais?<\/strong><\/p>\n<p>Armazenamos as informa\u00e7\u00f5es dos Clientes de acordo com as normas de prescri\u00e7\u00e3o do Direito brasileiro.<\/p>\n<p><strong>7. Quais s\u00e3o os direitos do titular de dados?<\/strong><\/p>\n<p>A partir do in\u00edcio da vig\u00eancia da LGPD, o titular dos dados pessoais ter\u00e1 o direito de obter da 42494736 VILMA APARECIDA MASCAGNI, a qualquer momento, mediante requisi\u00e7\u00e3o formal, informa\u00e7\u00f5es referentes aos seus dados.<\/p>\n<p>A 42494736 VILMA APARECIDA MASCAGNI ter\u00e1 15 dias para responder \u00e0s solicita\u00e7\u00f5es dos titulares. Os pedidos ser\u00e3o analisados conforme previsto em legisla\u00e7\u00e3o vigente e, por quest\u00f5es legais, algumas solicita\u00e7\u00f5es podem n\u00e3o ser atendidas.<\/p>\n<p>Os titulares dos dados, segundo o texto da LGPD, podem exercer os seus direitos por meio de:<\/p>\n<p><strong>I \u2013 <\/strong>confirma\u00e7\u00e3o da exist\u00eancia de tratamento;<\/p>\n<p><strong>II \u2013 <\/strong>acesso aos dados;<\/p>\n<p><strong>III \u2013 <\/strong>corre\u00e7\u00e3o de dados incompletos, inexatos ou desatualizados;<\/p>\n<p><strong>IV \u2013<\/strong> anonimiza\u00e7\u00e3o, bloqueio ou elimina\u00e7\u00e3o de dados desnecess\u00e1rios, excessivos ou tratados em desconformidade com o disposto nesta Lei;<\/p>\n<p><strong>V \u2013 <\/strong>portabilidade dos dados a outro fornecedor de servi\u00e7o ou produto, mediante requisi\u00e7\u00e3o expressa, de acordo com a regulamenta\u00e7\u00e3o da autoridade nacional, observados os segredos comercial e industrial;<\/p>\n<p><strong>VI \u2013 <\/strong>elimina\u00e7\u00e3o dos dados pessoais tratados com o consentimento do titular;<\/p>\n<p><strong>VII \u2013 <\/strong>informa\u00e7\u00e3o das entidades p\u00fablicas e privadas com as quais o controlador realizou uso compartilhado de dados;<\/p>\n<p><strong>VIII \u2013 <\/strong>informa\u00e7\u00e3o sobre a possibilidade de n\u00e3o fornecer consentimento e sobre as consequ\u00eancias da negativa;<\/p>\n<p><strong>IX \u2013 <\/strong>revoga\u00e7\u00e3o do consentimento.<\/p>\n<p><strong>8. Como exercer os seus direitos?<\/strong><\/p>\n<p>Voc\u00ea pode exercer seus direitos acessando a se\u00e7\u00e3o \u201cPrivacidade\u201d, no \u201cMinha Conta\u201d, dispon\u00edvel no site www.apometria.org. Al\u00e9m disso, pode entrar em contato pelo e-mail sac@apometria.org.<\/p>\n<p>Para mudar suas prefer\u00eancias em rela\u00e7\u00e3o \u00e0s notifica\u00e7\u00f5es (incluindo as comunica\u00e7\u00f5es de marketing), a qualquer momento, voc\u00ea pode acessar \u201cMinha Conta\u201d. Se n\u00e3o quiser receber nossas comunica\u00e7\u00f5es de marketing, tamb\u00e9m pode cancelar a assinatura clicando no link enviado junto com o e-mail do marketing.<\/p>\n<p><strong>9. Crian\u00e7as podem comprar na Apometria Org?<\/strong><\/p>\n<p>A Apometria Org vende produtos para crian\u00e7as, mas devem ser comprados por adultos. Se voc\u00ea tem menos de 18 anos, precisar\u00e1 fazer a compra junto com um de seus pais ou respons\u00e1vel.<\/p>\n<p><strong>10. Cookies e tecnologias semelhantes<\/strong><\/p>\n<p>Cookies s\u00e3o pequenos arquivos de dados que s\u00e3o colocados no seu computador ou em outros dispositivos (como \u2018smartphones\u2019 ou \u2018tablets\u2019) enquanto voc\u00ea navega no site.<\/p>\n<p>Utilizamos cookies, pixels e outras tecnologias (coletivamente, \u201ccookies\u201d) para reconhecer seu navegador ou dispositivo, aprender mais sobre seus interesses, fornecer recursos e servi\u00e7os essenciais e tamb\u00e9m para:<\/p>\n<p>acompanhar suas prefer\u00eancias para enviar somente an\u00fancios de seu interesse. Voc\u00ea pode definir suas prefer\u00eancias por meio de sua conta;<br \/>\nacompanhar os itens armazenados no seu carrinho de compras;<br \/>\nrealiza\u00e7\u00e3o de pesquisas e diagn\u00f3sticos para melhorar o conte\u00fado, produtos e servi\u00e7os;<br \/>\nimpedir atividades fraudulentas;<br \/>\nmelhorar a seguran\u00e7a.<\/p>\n<p>Se voc\u00ea bloquear ou rejeitar nossos cookies, n\u00e3o poder\u00e1 adicionar itens ao seu carrinho de compras, prosseguir para o checkout ou usar nossos produtos e servi\u00e7os que exijam login.<\/p>\n<p>Clique em \u2018Ajuda\u2019, nas configura\u00e7\u00f5es do seu navegador, para saber como impedi-lo de aceitar cookies e para ser notificado quando receber novos; para ver quando eles expiram e para desativ\u00e1-los. Nos links abaixo voc\u00ea encontra mais detalhes sobre como desativar os cookies dos navegadores mais populares:<\/p>\n<p>Google Chrome<br \/>\nMozilla Firefox<br \/>\nSafari<br \/>\nInternet Explorer<br \/>\nMicrosoft Edge<br \/>\nOpera<\/p>\n<p><strong>11. Como voc\u00ea pode manter suas informa\u00e7\u00f5es pessoais seguras?<\/strong><\/p>\n<p>A Americanas utiliza os melhores protocolos de seguran\u00e7a para preservar a privacidade dos dados dos Clientes, mas tamb\u00e9m recomenda medidas de prote\u00e7\u00e3o individual.<\/p>\n<p>Para manter a seguran\u00e7a e prote\u00e7\u00e3o dos seus dados pessoais fornecidos no cadastro ou nas compras, em nenhuma hip\u00f3tese o seu login e senha devem ser compartilhados com terceiros. Al\u00e9m disso, ao acessar o seu cadastro pelo \u201cMinha Conta\u201d, principalmente em computadores p\u00fablicos, certifique-se de que voc\u00ea realizou o logout da sua conta para evitar que pessoas n\u00e3o autorizadas acessem e utilizem as informa\u00e7\u00f5es sem o seu conhecimento.<\/p>\n<p>N\u00e3o solicitamos dados pessoais por telefone, WhatsApp, SMS ou e-mail. Em nenhuma hip\u00f3tese eles devem ser fornecidos, pois pode ser uma tentativa de uso indevido.<\/p>\n<p><strong>12. Outras informa\u00e7\u00f5es importantes sobre prote\u00e7\u00e3o de dados<\/strong><\/p>\n<p>Se alguma mudan\u00e7a for feita em nossa Pol\u00edtica de Privacidade, voc\u00ea receber\u00e1 um e-mail.<\/p>\n<p><strong>13. Como entrar em contato com o encarregado da prote\u00e7\u00e3o de dados da Apometria Org?<\/strong><\/p>\n<p>O encarregado da prote\u00e7\u00e3o de dados \u00e9 o respons\u00e1vel escolhido pela Americanas para atuar como canal de comunica\u00e7\u00e3o entre o controlador, os titulares dos dados e a Autoridade Nacional de Prote\u00e7\u00e3o de Dados (ANPD), quando ela for formalizada. Qualquer d\u00favida poder\u00e1 ser encaminhada para o e-mail sac@apometria.org.<\/p>\n<p><strong>14. Legisla\u00e7\u00e3o e foro<\/strong><\/p>\n<p>Esta pol\u00edtica ser\u00e1 regida, interpretada e executada de acordo com as Leis da Rep\u00fablica Federativa do Brasil, especialmente a Lei n\u00ba 13.709\/2018, independentemente das Leis de outros estados ou pa\u00edses, sendo competente o foro de domic\u00edlio do Cliente para dirimir qualquer d\u00favida decorrente deste documento.<\/p>\n<p><strong>15. \u00daltima atualiza\u00e7\u00e3o e vers\u00f5es anteriores<\/strong><\/p>\n<p>\u00daltima atualiza\u00e7\u00e3o: 05 de Agosto de 2023<\/p>\n","protected":false},"excerpt":{"rendered":"<p>A 42494736 VILMA APARECIDA MASCAGNI tem o compromisso com a transpar\u00eancia, a privacidade e a seguran\u00e7a dos dados de seus clientes durante todo o processo de intera\u00e7\u00e3o com nosso site, e lojas f\u00edsica. Para que entendam melhor quais informa\u00e7\u00f5es coletamos e como as utilizamos, armazenamos ou exclu\u00edmos, detalhamos a seguir nossa Pol\u00edtica de Privacidade. Os dados cadastrais dos clientes n\u00e3o s\u00e3o divulgados para terceiros, exceto quando necess\u00e1rios para o processo[&hellip;]<\/p>\n","protected":false},"author":1,"featured_media":0,"parent":0,"menu_order":0,"comment_status":"closed","ping_status":"closed","template":"","meta":{"_acf_changed":false,"footnotes":""},"class_list":["post-3","page","type-page","status-publish","hentry"],"acf":[],"_links":{"self":[{"href":"https:\/\/www.apometria.org\/site\/wp-json\/wp\/v2\/pages\/3","targetHints":{"allow":["GET"]}}],"collection":[{"href":"https:\/\/www.apometria.org\/site\/wp-json\/wp\/v2\/pages"}],"about":[{"href":"https:\/\/www.apometria.org\/site\/wp-json\/wp\/v2\/types\/page"}],"author":[{"embeddable":true,"href":"https:\/\/www.apometria.org\/site\/wp-json\/wp\/v2\/users\/1"}],"replies":[{"embeddable":true,"href":"https:\/\/www.apometria.org\/site\/wp-json\/wp\/v2\/comments?post=3"}],"version-history":[{"count":0,"href":"https:\/\/www.apometria.org\/site\/wp-json\/wp\/v2\/pages\/3\/revisions"}],"wp:attachment":[{"href":"https:\/\/www.apometria.org\/site\/wp-json\/wp\/v2\/media?parent=3"}],"curies":[{"name":"wp","href":"https:\/\/api.w.org\/{rel}","templated":true}]}}